{"id":51,"date":"2016-05-11T08:55:09","date_gmt":"2016-05-11T08:55:09","guid":{"rendered":"http:\/\/lumon.nypabbutiken.se\/?product=light-technical"},"modified":"2016-08-15T08:41:59","modified_gmt":"2016-08-15T08:41:59","slug":"light-technical","status":"publish","type":"product","link":"https:\/\/lumon.nypabbutiken.se\/?product=light-technical","title":{"rendered":"Light technical"},"content":{"rendered":"<h2>Funktionalitet<\/h2>\n<h3>Tyg<\/h3>\n<p>100% polyester, kanalstickad, fukttransporterande, 170g\/m\u00b2<\/p>\n<h3>Funktionalitet<\/h3>\n<p>Tyg med h\u00f6g fuktgenomstr\u00f6mning<\/p>\n<h3>Detaljer<\/h3>\n<p>Tryckt storleksetikett<br \/>\nRundhalsad<br \/>\nRes\u00e5r i midja<br \/>\nS\u00f6mmar i kontrastf\u00e4rg<br \/>\nPaneler med Bl\u00e5kl\u00e4der helprint<\/p>\n<h3>Avslut<\/h3>\n<p>F\u00f6rl\u00e4ngt ryggslut<br \/>\nMjukt benavslut<br \/>\nMjukt \u00e4rmavslut<\/p>\n<h3>F\u00f6rpackning<\/h3>\n<p>S\u00e4ljs som helt set<\/p>\n","protected":false},"excerpt":{"rendered":"<p>Underst\u00e4llet LIGHT transporterar effektivt bort fukten fr\u00e5n huden. Undertr\u00f6jan och l\u00e5ngkalsongen \u00e4r tillverkad i polyester som \u00e4r mjuk mot huden och h\u00e5ller kroppen varm, torr och bekv\u00e4m under alla typer av fysisk aktivitet. Det kanalstickade tyget skapar en luftspalt mellan kroppen och plagget, vilket \u00f6kar isoleringen. Anv\u00e4ndbar i alla \u00e5rstider, n\u00e4r du beh\u00f6ver funktionell andningsf\u00f6rm\u00e5ga n\u00e4rmast huden.<\/p>\n","protected":false},"featured_media":380,"template":"","meta":[],"product_brand":[],"product_cat":[11],"product_tag":[],"class_list":{"0":"post-51","1":"product","2":"type-product","3":"status-publish","4":"has-post-thumbnail","6":"product_cat-hjalmunderstallovrigt","8":"first","9":"instock","10":"shipping-taxable","11":"purchasable","12":"product-type-variable"},"_links":{"self":[{"href":"https:\/\/lumon.nypabbutiken.se\/index.php?rest_route=\/wp\/v2\/product\/51","targetHints":{"allow":["GET"]}}],"collection":[{"href":"https:\/\/lumon.nypabbutiken.se\/index.php?rest_route=\/wp\/v2\/product"}],"about":[{"href":"https:\/\/lumon.nypabbutiken.se\/index.php?rest_route=\/wp\/v2\/types\/product"}],"wp:featuredmedia":[{"embeddable":true,"href":"https:\/\/lumon.nypabbutiken.se\/index.php?rest_route=\/wp\/v2\/media\/380"}],"wp:attachment":[{"href":"https:\/\/lumon.nypabbutiken.se\/index.php?rest_route=%2Fwp%2Fv2%2Fmedia&parent=51"}],"wp:term":[{"taxonomy":"product_brand","embeddable":true,"href":"https:\/\/lumon.nypabbutiken.se\/index.php?rest_route=%2Fwp%2Fv2%2Fproduct_brand&post=51"},{"taxonomy":"product_cat","embeddable":true,"href":"https:\/\/lumon.nypabbutiken.se\/index.php?rest_route=%2Fwp%2Fv2%2Fproduct_cat&post=51"},{"taxonomy":"product_tag","embeddable":true,"href":"https:\/\/lumon.nypabbutiken.se\/index.php?rest_route=%2Fwp%2Fv2%2Fproduct_tag&post=51"}],"curies":[{"name":"wp","href":"https:\/\/api.w.org\/{rel}","templated":true}]}}