{"id":508,"date":"2018-06-11T14:00:50","date_gmt":"2018-06-11T14:00:50","guid":{"rendered":"https:\/\/lumon.nypabbutiken.se\/?post_type=product&#038;p=508"},"modified":"2018-06-18T08:38:47","modified_gmt":"2018-06-18T08:38:47","slug":"sh-cool-pique-shirt","status":"publish","type":"product","link":"https:\/\/lumon.nypabbutiken.se\/?product=sh-cool-pique-shirt","title":{"rendered":"Nya SH COOL Pique Shirt"},"content":{"rendered":"","protected":false},"excerpt":{"rendered":"<p>SH COOL Pique \u00e4r gjord f\u00f6r dig som vill h\u00e5lla dig torr och f\u00e5 en sval, mjuk och ett h\u00f6gpresterande material som passar till de flesta yrkena.<\/p>\n","protected":false},"featured_media":524,"template":"","meta":[],"product_brand":[],"product_cat":[21,7],"product_tag":[],"class_list":{"0":"post-508","1":"product","2":"type-product","3":"status-publish","4":"has-post-thumbnail","6":"product_cat-mattekniker","7":"product_cat-saljare","9":"first","10":"instock","11":"shipping-taxable","12":"purchasable","13":"product-type-variable"},"_links":{"self":[{"href":"https:\/\/lumon.nypabbutiken.se\/index.php?rest_route=\/wp\/v2\/product\/508","targetHints":{"allow":["GET"]}}],"collection":[{"href":"https:\/\/lumon.nypabbutiken.se\/index.php?rest_route=\/wp\/v2\/product"}],"about":[{"href":"https:\/\/lumon.nypabbutiken.se\/index.php?rest_route=\/wp\/v2\/types\/product"}],"wp:featuredmedia":[{"embeddable":true,"href":"https:\/\/lumon.nypabbutiken.se\/index.php?rest_route=\/wp\/v2\/media\/524"}],"wp:attachment":[{"href":"https:\/\/lumon.nypabbutiken.se\/index.php?rest_route=%2Fwp%2Fv2%2Fmedia&parent=508"}],"wp:term":[{"taxonomy":"product_brand","embeddable":true,"href":"https:\/\/lumon.nypabbutiken.se\/index.php?rest_route=%2Fwp%2Fv2%2Fproduct_brand&post=508"},{"taxonomy":"product_cat","embeddable":true,"href":"https:\/\/lumon.nypabbutiken.se\/index.php?rest_route=%2Fwp%2Fv2%2Fproduct_cat&post=508"},{"taxonomy":"product_tag","embeddable":true,"href":"https:\/\/lumon.nypabbutiken.se\/index.php?rest_route=%2Fwp%2Fv2%2Fproduct_tag&post=508"}],"curies":[{"name":"wp","href":"https:\/\/api.w.org\/{rel}","templated":true}]}}