{"id":49,"date":"2016-05-11T08:55:08","date_gmt":"2016-05-11T08:55:08","guid":{"rendered":"http:\/\/lumon.nypabbutiken.se\/?product=tegera-883"},"modified":"2016-08-15T08:40:53","modified_gmt":"2016-08-15T08:40:53","slug":"tegera-883","status":"publish","type":"product","link":"https:\/\/lumon.nypabbutiken.se\/?product=tegera-883","title":{"rendered":"TEGERA 883"},"content":{"rendered":"<div data-canvas-width=\"90.50999999999999\"><strong>FUNKTIONER<\/strong><\/div>\n<div data-canvas-width=\"128.226\">Anatomiskt utformad<\/div>\n<div data-canvas-width=\"162.26999999999998\"><strong>HUVUDSAKLIGT SKYDD<\/strong><\/div>\n<div data-canvas-width=\"318.94800000000004\">Motverkar risk f\u00f6r:, n\u00f6tningsskador, skrubbs\u00e5r, rivs\u00e5r,<\/div>\n<div data-canvas-width=\"256.452\">kontakt med fukt, kontakt med olja och fett<\/div>\n<div data-canvas-width=\"277.11\"><strong>HUVUDSAKLIGA ANV\u00c4NDNINGSMILJ\u00d6ER<\/strong><\/div>\n<div data-canvas-width=\"359.93999999999994\">Hala milj\u00f6er, oljiga milj\u00f6er, smutsiga milj\u00f6er, kr\u00e4vande milj\u00f6er<\/div>\n<p><strong>\u00a0<\/strong><\/p>\n","protected":false},"excerpt":{"rendered":"<p>FUNKTIONER Anatomiskt utformad HUVUDSAKLIGT SKYDD Motverkar risk f\u00f6r:, n\u00f6tningsskador, skrubbs\u00e5r, rivs\u00e5r, kontakt med fukt, kontakt med olja och fett HUVUDSAKLIGA ANV\u00c4NDNINGSMILJ\u00d6ER Hala milj\u00f6er, oljiga milj\u00f6er, smutsiga milj\u00f6er, kr\u00e4vande milj\u00f6er \u00a0<\/p>\n","protected":false},"featured_media":378,"template":"","meta":[],"product_brand":[],"product_cat":[10],"product_tag":[],"class_list":{"0":"post-49","1":"product","2":"type-product","3":"status-publish","4":"has-post-thumbnail","6":"product_cat-skorhandskar","8":"first","9":"instock","10":"shipping-taxable","11":"purchasable","12":"product-type-variable"},"_links":{"self":[{"href":"https:\/\/lumon.nypabbutiken.se\/index.php?rest_route=\/wp\/v2\/product\/49","targetHints":{"allow":["GET"]}}],"collection":[{"href":"https:\/\/lumon.nypabbutiken.se\/index.php?rest_route=\/wp\/v2\/product"}],"about":[{"href":"https:\/\/lumon.nypabbutiken.se\/index.php?rest_route=\/wp\/v2\/types\/product"}],"wp:featuredmedia":[{"embeddable":true,"href":"https:\/\/lumon.nypabbutiken.se\/index.php?rest_route=\/wp\/v2\/media\/378"}],"wp:attachment":[{"href":"https:\/\/lumon.nypabbutiken.se\/index.php?rest_route=%2Fwp%2Fv2%2Fmedia&parent=49"}],"wp:term":[{"taxonomy":"product_brand","embeddable":true,"href":"https:\/\/lumon.nypabbutiken.se\/index.php?rest_route=%2Fwp%2Fv2%2Fproduct_brand&post=49"},{"taxonomy":"product_cat","embeddable":true,"href":"https:\/\/lumon.nypabbutiken.se\/index.php?rest_route=%2Fwp%2Fv2%2Fproduct_cat&post=49"},{"taxonomy":"product_tag","embeddable":true,"href":"https:\/\/lumon.nypabbutiken.se\/index.php?rest_route=%2Fwp%2Fv2%2Fproduct_tag&post=49"}],"curies":[{"name":"wp","href":"https:\/\/api.w.org\/{rel}","templated":true}]}}