{"id":48,"date":"2016-05-11T08:55:08","date_gmt":"2016-05-11T08:55:08","guid":{"rendered":"http:\/\/lumon.nypabbutiken.se\/?product=jalas-6438"},"modified":"2016-08-15T08:39:53","modified_gmt":"2016-08-15T08:39:53","slug":"jalas-6438","status":"publish","type":"product","link":"https:\/\/lumon.nypabbutiken.se\/?product=jalas-6438","title":{"rendered":"Jalas 6438"},"content":{"rendered":"<div data-canvas-width=\"90.50999999999999\"><strong>FUNKTIONER<\/strong><\/div>\n<div data-canvas-width=\"327.16599999999994\">ProNose t\u00e5slitskydd, oljebest\u00e4ndig yttersula, metallfri,<\/div>\n<div data-canvas-width=\"358.49799999999993\">antistatiska egenskaper, drag\u00f6glor, vattenavvisande, dubbla<\/div>\n<div data-canvas-width=\"352.71599999999984\">st\u00f6td\u00e4mpningszoner, \u00f6verensst\u00e4mmer med IEC 61340-5-1<\/div>\n<div data-canvas-width=\"34.244\">(ESD)<\/div>\n<div data-canvas-width=\"162.26999999999998\"><strong>HUVUDSAKLIGT SKYDD<\/strong><\/div>\n<div data-canvas-width=\"349.6499999999999\">Motverkar risk f\u00f6r:, t\u00e5skador, spikpenetration, antistatiska<\/div>\n<div data-canvas-width=\"141.98800000000003\">risker, kontakt med kyla<\/div>\n<div data-canvas-width=\"277.11\"><strong>HUVUDSAKLIGA ANV\u00c4NDNINGSMILJ\u00d6ER<\/strong><\/div>\n<div data-canvas-width=\"317.1979999999999\">Utomhus, krav p\u00e5 metallfria skor, milj\u00f6er med risk f\u00f6r<\/div>\n<div data-canvas-width=\"297.234\">sulgenomtr\u00e4ngning, kalla milj\u00f6er, kr\u00e4vande milj\u00f6er<\/div>\n","protected":false},"excerpt":{"rendered":"<p>FUNKTIONER ProNose t\u00e5slitskydd, oljebest\u00e4ndig yttersula, metallfri, antistatiska egenskaper, drag\u00f6glor, vattenavvisande, dubbla st\u00f6td\u00e4mpningszoner, \u00f6verensst\u00e4mmer med IEC 61340-5-1 (ESD) HUVUDSAKLIGT SKYDD Motverkar risk f\u00f6r:, t\u00e5skador, spikpenetration, antistatiska risker, kontakt med kyla HUVUDSAKLIGA ANV\u00c4NDNINGSMILJ\u00d6ER Utomhus, krav p\u00e5 metallfria skor, milj\u00f6er med risk f\u00f6r sulgenomtr\u00e4ngning, kalla milj\u00f6er, kr\u00e4vande milj\u00f6er<\/p>\n","protected":false},"featured_media":377,"template":"","meta":[],"product_brand":[],"product_cat":[10],"product_tag":[],"class_list":{"0":"post-48","1":"product","2":"type-product","3":"status-publish","4":"has-post-thumbnail","6":"product_cat-skorhandskar","8":"first","9":"instock","10":"shipping-taxable","11":"purchasable","12":"product-type-variable"},"_links":{"self":[{"href":"https:\/\/lumon.nypabbutiken.se\/index.php?rest_route=\/wp\/v2\/product\/48","targetHints":{"allow":["GET"]}}],"collection":[{"href":"https:\/\/lumon.nypabbutiken.se\/index.php?rest_route=\/wp\/v2\/product"}],"about":[{"href":"https:\/\/lumon.nypabbutiken.se\/index.php?rest_route=\/wp\/v2\/types\/product"}],"wp:featuredmedia":[{"embeddable":true,"href":"https:\/\/lumon.nypabbutiken.se\/index.php?rest_route=\/wp\/v2\/media\/377"}],"wp:attachment":[{"href":"https:\/\/lumon.nypabbutiken.se\/index.php?rest_route=%2Fwp%2Fv2%2Fmedia&parent=48"}],"wp:term":[{"taxonomy":"product_brand","embeddable":true,"href":"https:\/\/lumon.nypabbutiken.se\/index.php?rest_route=%2Fwp%2Fv2%2Fproduct_brand&post=48"},{"taxonomy":"product_cat","embeddable":true,"href":"https:\/\/lumon.nypabbutiken.se\/index.php?rest_route=%2Fwp%2Fv2%2Fproduct_cat&post=48"},{"taxonomy":"product_tag","embeddable":true,"href":"https:\/\/lumon.nypabbutiken.se\/index.php?rest_route=%2Fwp%2Fv2%2Fproduct_tag&post=48"}],"curies":[{"name":"wp","href":"https:\/\/api.w.org\/{rel}","templated":true}]}}