{"id":46,"date":"2016-05-11T08:55:07","date_gmt":"2016-05-11T08:55:07","guid":{"rendered":"http:\/\/lumon.nypabbutiken.se\/?product=jalas-6468"},"modified":"2016-08-15T08:34:42","modified_gmt":"2016-08-15T08:34:42","slug":"jalas-6468","status":"publish","type":"product","link":"https:\/\/lumon.nypabbutiken.se\/?product=jalas-6468","title":{"rendered":"Jalas 6468"},"content":{"rendered":"<div data-canvas-width=\"90.50999999999999\"><strong>FUNKTIONER<\/strong><\/div>\n<div data-canvas-width=\"327.16599999999994\">ProNose t\u00e5slitskydd, oljebest\u00e4ndig yttersula, metallfri,<\/div>\n<div data-canvas-width=\"286.804\">antistatiska egenskaper, ventilerande innersula,<\/div>\n<div data-canvas-width=\"275.19800000000004\">vattenavvisande, dubbla st\u00f6td\u00e4mpningszoner,<\/div>\n<div data-canvas-width=\"339.34599999999983\">\u00f6verensst\u00e4mmer med IEC 61340-5-1 (ESD), bra milj\u00f6val,<\/div>\n<div data-canvas-width=\"221.53599999999994\">uppfyller EU-blommans milj\u00f6kriterier<\/div>\n<div data-canvas-width=\"162.26999999999998\"><strong>HUVUDSAKLIGT<\/strong> <strong>SKYDD<\/strong><\/div>\n<div data-canvas-width=\"349.6499999999999\">Motverkar risk f\u00f6r:, t\u00e5skador, spikpenetration, antistatiska<\/div>\n<div data-canvas-width=\"34.384\">risker<\/div>\n<div data-canvas-width=\"277.11\"><strong>HUVUDSAKLIGA ANV\u00c4NDNINGSMILJ\u00d6ER<\/strong><\/div>\n<div data-canvas-width=\"317.1979999999999\">Utomhus, krav p\u00e5 metallfria skor, milj\u00f6er med risk f\u00f6r<\/div>\n<div data-canvas-width=\"115.12199999999999\">sulgenomtr\u00e4ngning<\/div>\n","protected":false},"excerpt":{"rendered":"<p>FUNKTIONER ProNose t\u00e5slitskydd, oljebest\u00e4ndig yttersula, metallfri, antistatiska egenskaper, ventilerande innersula, vattenavvisande, dubbla st\u00f6td\u00e4mpningszoner, \u00f6verensst\u00e4mmer med IEC 61340-5-1 (ESD), bra milj\u00f6val, uppfyller EU-blommans milj\u00f6kriterier HUVUDSAKLIGT SKYDD Motverkar risk f\u00f6r:, t\u00e5skador, spikpenetration, antistatiska risker HUVUDSAKLIGA ANV\u00c4NDNINGSMILJ\u00d6ER Utomhus, krav p\u00e5 metallfria skor, milj\u00f6er med risk f\u00f6r sulgenomtr\u00e4ngning<\/p>\n","protected":false},"featured_media":375,"template":"","meta":[],"product_brand":[],"product_cat":[10],"product_tag":[],"class_list":{"0":"post-46","1":"product","2":"type-product","3":"status-publish","4":"has-post-thumbnail","6":"product_cat-skorhandskar","8":"first","9":"instock","10":"shipping-taxable","11":"purchasable","12":"product-type-variable"},"_links":{"self":[{"href":"https:\/\/lumon.nypabbutiken.se\/index.php?rest_route=\/wp\/v2\/product\/46","targetHints":{"allow":["GET"]}}],"collection":[{"href":"https:\/\/lumon.nypabbutiken.se\/index.php?rest_route=\/wp\/v2\/product"}],"about":[{"href":"https:\/\/lumon.nypabbutiken.se\/index.php?rest_route=\/wp\/v2\/types\/product"}],"wp:featuredmedia":[{"embeddable":true,"href":"https:\/\/lumon.nypabbutiken.se\/index.php?rest_route=\/wp\/v2\/media\/375"}],"wp:attachment":[{"href":"https:\/\/lumon.nypabbutiken.se\/index.php?rest_route=%2Fwp%2Fv2%2Fmedia&parent=46"}],"wp:term":[{"taxonomy":"product_brand","embeddable":true,"href":"https:\/\/lumon.nypabbutiken.se\/index.php?rest_route=%2Fwp%2Fv2%2Fproduct_brand&post=46"},{"taxonomy":"product_cat","embeddable":true,"href":"https:\/\/lumon.nypabbutiken.se\/index.php?rest_route=%2Fwp%2Fv2%2Fproduct_cat&post=46"},{"taxonomy":"product_tag","embeddable":true,"href":"https:\/\/lumon.nypabbutiken.se\/index.php?rest_route=%2Fwp%2Fv2%2Fproduct_tag&post=46"}],"curies":[{"name":"wp","href":"https:\/\/api.w.org\/{rel}","templated":true}]}}