{"id":39,"date":"2016-05-11T08:55:00","date_gmt":"2016-05-11T08:55:00","guid":{"rendered":"http:\/\/lumon.nypabbutiken.se\/?product=skaljacka-varsel-gulmarin"},"modified":"2016-08-15T08:18:43","modified_gmt":"2016-08-15T08:18:43","slug":"skaljacka-varsel-gulmarin","status":"publish","type":"product","link":"https:\/\/lumon.nypabbutiken.se\/?product=skaljacka-varsel-gulmarin","title":{"rendered":"Skaljacka varsel Gul\/marin"},"content":{"rendered":"<h2>Funktionalitet<\/h2>\n<h3>Tyg<\/h3>\n<p>100% polyester, oxford, laminerad, vind- och vattent\u00e4t, andasfunktion, 200g\/m\u00b2<\/p>\n<h3>Foder<\/h3>\n<p>Meshfoder<\/p>\n<h3>Funktionalitet<\/h3>\n<p>Vind- &amp; vattent\u00e4tt material med andasfunktion, tejpade s\u00f6mmar, Ventilation i ok<\/p>\n<h3>Detaljer<\/h3>\n<p>Fleecefodrad krage<br \/>\nAvtagbar luva som d\u00f6ljs i krage<br \/>\nID-kortsficka inf\u00e4llbar<\/p>\n<h3>Frontst\u00e4ngning<\/h3>\n<p>Dolt env\u00e4gsblixtl\u00e5s i plast<\/p>\n<h3>Fickor<\/h3>\n<p>Br\u00f6stficka med vattenavvisande blixtl\u00e5s och fleecefoder<br \/>\nFramfickor med blixtl\u00e5s<br \/>\nInv\u00e4ndig telefonficka<\/p>\n<h3>Avslut<\/h3>\n<p>F\u00f6rl\u00e4ngt ryggslut, Justerbar i nederkant med dragsko<br \/>\nJusterbart \u00e4rmavslut med kardborre<\/p>\n","protected":false},"excerpt":{"rendered":"<p>Skaljacka som trotsar v\u00e4der och vind. Kombinerad med en fleece \u00e4r skaljackan en perfekt sk\u00f6ld mot kyla, regn och bl\u00e5st. Materialet v\u00e4ger l\u00e4tt, \u00e4r enkelt att sk\u00f6ta. Certifierad enligt EN 471\/EN ISO 20471, XS-S klass 2, M-XXXL klass 3, skyddskl\u00e4der med h\u00f6g synbarhet. EN 343 skyddskl\u00e4der mot d\u00e5ligt v\u00e4der klass 3,3.<\/p>\n","protected":false},"featured_media":368,"template":"","meta":[],"product_brand":[],"product_cat":[9],"product_tag":[],"class_list":{"0":"post-39","1":"product","2":"type-product","3":"status-publish","4":"has-post-thumbnail","6":"product_cat-overdelar","8":"first","9":"instock","10":"shipping-taxable","11":"purchasable","12":"product-type-variable"},"_links":{"self":[{"href":"https:\/\/lumon.nypabbutiken.se\/index.php?rest_route=\/wp\/v2\/product\/39","targetHints":{"allow":["GET"]}}],"collection":[{"href":"https:\/\/lumon.nypabbutiken.se\/index.php?rest_route=\/wp\/v2\/product"}],"about":[{"href":"https:\/\/lumon.nypabbutiken.se\/index.php?rest_route=\/wp\/v2\/types\/product"}],"wp:featuredmedia":[{"embeddable":true,"href":"https:\/\/lumon.nypabbutiken.se\/index.php?rest_route=\/wp\/v2\/media\/368"}],"wp:attachment":[{"href":"https:\/\/lumon.nypabbutiken.se\/index.php?rest_route=%2Fwp%2Fv2%2Fmedia&parent=39"}],"wp:term":[{"taxonomy":"product_brand","embeddable":true,"href":"https:\/\/lumon.nypabbutiken.se\/index.php?rest_route=%2Fwp%2Fv2%2Fproduct_brand&post=39"},{"taxonomy":"product_cat","embeddable":true,"href":"https:\/\/lumon.nypabbutiken.se\/index.php?rest_route=%2Fwp%2Fv2%2Fproduct_cat&post=39"},{"taxonomy":"product_tag","embeddable":true,"href":"https:\/\/lumon.nypabbutiken.se\/index.php?rest_route=%2Fwp%2Fv2%2Fproduct_tag&post=39"}],"curies":[{"name":"wp","href":"https:\/\/api.w.org\/{rel}","templated":true}]}}