{"id":37,"date":"2016-05-11T08:54:59","date_gmt":"2016-05-11T08:54:59","guid":{"rendered":"http:\/\/lumon.nypabbutiken.se\/?product=t-shirt"},"modified":"2016-08-18T06:02:09","modified_gmt":"2016-08-18T06:02:09","slug":"t-shirt","status":"publish","type":"product","link":"https:\/\/lumon.nypabbutiken.se\/?product=t-shirt","title":{"rendered":"T-shirt"},"content":{"rendered":"<div class=\"row relative\">\n<div id=\"product-page-attributes\" class=\"col-md-11 col-xs-20 product-page-attributes\">\n<div class=\"row product-page-tabs\">\n<div class=\"col-xs-20\">\n<div class=\"tab-content product-page-tabs-content\">\n<div id=\"product-page-tabs-function\" class=\"tab-pane active\">\n<div class=\"tab-pane-space\">\n<h2>Funktionalitet<\/h2>\n<h3>Tyg<\/h3>\n<p>100% bomull, jerseystickad, 150 g\/m\u00b2<\/p>\n<h3>Detaljer<\/h3>\n<p>Ribbstickad hals, Rundhalsad<br \/>\nF\u00f6rst\u00e4rkt axels\u00f6m, F\u00f6rst\u00e4rkt nacks\u00f6m<\/p><\/div>\n<\/div>\n<\/div>\n<\/div>\n<\/div>\n<\/div>\n<\/div>\n","protected":false},"excerpt":{"rendered":"<p>Fyll upp garderoben med ett bra basplagg x 10. Anv\u00e4ndbar och behaglig T-shirt i tubstickad 100 % bomull. T-shirten har ribbstickad hals och f\u00f6rst\u00e4rkt nack- och axels\u00f6m. Gr\u00e5 f\u00e4rg finns endast i kvalitet bomull\/viskos.<\/p>\n","protected":false},"featured_media":407,"template":"","meta":[],"product_brand":[],"product_cat":[9],"product_tag":[],"class_list":{"0":"post-37","1":"product","2":"type-product","3":"status-publish","4":"has-post-thumbnail","6":"product_cat-overdelar","8":"first","9":"instock","10":"shipping-taxable","11":"purchasable","12":"product-type-variable"},"_links":{"self":[{"href":"https:\/\/lumon.nypabbutiken.se\/index.php?rest_route=\/wp\/v2\/product\/37","targetHints":{"allow":["GET"]}}],"collection":[{"href":"https:\/\/lumon.nypabbutiken.se\/index.php?rest_route=\/wp\/v2\/product"}],"about":[{"href":"https:\/\/lumon.nypabbutiken.se\/index.php?rest_route=\/wp\/v2\/types\/product"}],"wp:featuredmedia":[{"embeddable":true,"href":"https:\/\/lumon.nypabbutiken.se\/index.php?rest_route=\/wp\/v2\/media\/407"}],"wp:attachment":[{"href":"https:\/\/lumon.nypabbutiken.se\/index.php?rest_route=%2Fwp%2Fv2%2Fmedia&parent=37"}],"wp:term":[{"taxonomy":"product_brand","embeddable":true,"href":"https:\/\/lumon.nypabbutiken.se\/index.php?rest_route=%2Fwp%2Fv2%2Fproduct_brand&post=37"},{"taxonomy":"product_cat","embeddable":true,"href":"https:\/\/lumon.nypabbutiken.se\/index.php?rest_route=%2Fwp%2Fv2%2Fproduct_cat&post=37"},{"taxonomy":"product_tag","embeddable":true,"href":"https:\/\/lumon.nypabbutiken.se\/index.php?rest_route=%2Fwp%2Fv2%2Fproduct_tag&post=37"}],"curies":[{"name":"wp","href":"https:\/\/api.w.org\/{rel}","templated":true}]}}