{"id":36,"date":"2016-05-11T08:54:59","date_gmt":"2016-05-11T08:54:59","guid":{"rendered":"http:\/\/lumon.nypabbutiken.se\/?product=service-pocket-pants"},"modified":"2016-08-15T08:12:50","modified_gmt":"2016-08-15T08:12:50","slug":"service-pocket-pants","status":"publish","type":"product","link":"https:\/\/lumon.nypabbutiken.se\/?product=service-pocket-pants","title":{"rendered":"Service Pocket Pants"},"content":{"rendered":"<p><strong>Storlekar<\/strong>: Width 28-46 Length 30-36<br \/>\n<strong>Material<\/strong>: 65% polyester, 35% cotton &#8211; no wax treatment, samt stretch i bak.<\/p>\n<p>Vi lanserar nu en nyutvecklad Service Hantverksbyxa f\u00f6r dig som kr\u00e4ver det d\u00e4r lilla extra och \u00f6nskar \u00e4n mer funktion, komfort och r\u00f6rlighet i byxan. Byxan har inbyggd Comfort Stretch bak likt v\u00e5r popul\u00e4rar FP25 byxa, tv\u00e5 spikfickor fram med mejselfickor och verktygshankar som du l\u00e4tt kan stoppa undan. Byxan har ocks\u00e5 inv\u00e4ndiga kn\u00e4fickor f\u00f6r v\u00e5ra kn\u00e4skydd (AK01), tumstocksficka med knivh\u00e5llare och pennficka. Den smidiga dragskon i benslutet till\u00e5ter dig att kunna reglera vidden nertill.<\/p>\n<p>&nbsp;<\/p>\n<p>&nbsp;<\/p>\n<p>&nbsp;<\/p>\n","protected":false},"excerpt":{"rendered":"<div>\n<p>Nyutvecklad Service Hantverksbyxa f\u00f6r dig som kr\u00e4ver det d\u00e4r lilla extra och \u00f6nskar \u00e4n mer funktion, komfort och r\u00f6rlighet i byxan.<\/p>\n<\/div>\n<p>Kn\u00e4f\u00f6rst\u00e4rkning ing\u00e5r<\/p>\n","protected":false},"featured_media":366,"template":"","meta":[],"product_brand":[],"product_cat":[8],"product_tag":[],"class_list":{"0":"post-36","1":"product","2":"type-product","3":"status-publish","4":"has-post-thumbnail","6":"product_cat-byxor","8":"first","9":"instock","10":"shipping-taxable","11":"purchasable","12":"product-type-variable"},"_links":{"self":[{"href":"https:\/\/lumon.nypabbutiken.se\/index.php?rest_route=\/wp\/v2\/product\/36","targetHints":{"allow":["GET"]}}],"collection":[{"href":"https:\/\/lumon.nypabbutiken.se\/index.php?rest_route=\/wp\/v2\/product"}],"about":[{"href":"https:\/\/lumon.nypabbutiken.se\/index.php?rest_route=\/wp\/v2\/types\/product"}],"wp:featuredmedia":[{"embeddable":true,"href":"https:\/\/lumon.nypabbutiken.se\/index.php?rest_route=\/wp\/v2\/media\/366"}],"wp:attachment":[{"href":"https:\/\/lumon.nypabbutiken.se\/index.php?rest_route=%2Fwp%2Fv2%2Fmedia&parent=36"}],"wp:term":[{"taxonomy":"product_brand","embeddable":true,"href":"https:\/\/lumon.nypabbutiken.se\/index.php?rest_route=%2Fwp%2Fv2%2Fproduct_brand&post=36"},{"taxonomy":"product_cat","embeddable":true,"href":"https:\/\/lumon.nypabbutiken.se\/index.php?rest_route=%2Fwp%2Fv2%2Fproduct_cat&post=36"},{"taxonomy":"product_tag","embeddable":true,"href":"https:\/\/lumon.nypabbutiken.se\/index.php?rest_route=%2Fwp%2Fv2%2Fproduct_tag&post=36"}],"curies":[{"name":"wp","href":"https:\/\/api.w.org\/{rel}","templated":true}]}}