{"id":228,"date":"2016-05-12T11:22:15","date_gmt":"2016-05-12T11:22:15","guid":{"rendered":"http:\/\/lumon.nypabbutiken.se\/?product=womens-pique-shirt"},"modified":"2017-09-28T08:16:09","modified_gmt":"2017-09-28T08:16:09","slug":"womens-pique-shirt","status":"publish","type":"product","link":"https:\/\/lumon.nypabbutiken.se\/?product=womens-pique-shirt","title":{"rendered":"Women\u2019s Pique shirt"},"content":{"rendered":"<p>En h\u00e4rlig modern pik\u00e9 i kraftig bomull som har det d\u00e4r lilla extra, med snygga detaljer och en h\u00e4rlig passform. Det perfekta profilplagget som passar i m\u00e5nga olika sammanhang.<\/p>\n","protected":false},"excerpt":{"rendered":"<p>En h\u00e4rlig modern pik\u00e9 i kraftig bomull som har det d\u00e4r lilla extra, med snygga detaljer och en h\u00e4rlig passform. Det perfekta profilplagget som passar i m\u00e5nga olika sammanhang.<\/p>\n","protected":false},"featured_media":361,"template":"","meta":[],"product_brand":[],"product_cat":[7],"product_tag":[],"class_list":{"0":"post-228","1":"product","2":"type-product","3":"status-publish","4":"has-post-thumbnail","6":"product_cat-saljare","8":"first","9":"instock","10":"shipping-taxable","11":"purchasable","12":"product-type-variable"},"_links":{"self":[{"href":"https:\/\/lumon.nypabbutiken.se\/index.php?rest_route=\/wp\/v2\/product\/228","targetHints":{"allow":["GET"]}}],"collection":[{"href":"https:\/\/lumon.nypabbutiken.se\/index.php?rest_route=\/wp\/v2\/product"}],"about":[{"href":"https:\/\/lumon.nypabbutiken.se\/index.php?rest_route=\/wp\/v2\/types\/product"}],"wp:featuredmedia":[{"embeddable":true,"href":"https:\/\/lumon.nypabbutiken.se\/index.php?rest_route=\/wp\/v2\/media\/361"}],"wp:attachment":[{"href":"https:\/\/lumon.nypabbutiken.se\/index.php?rest_route=%2Fwp%2Fv2%2Fmedia&parent=228"}],"wp:term":[{"taxonomy":"product_brand","embeddable":true,"href":"https:\/\/lumon.nypabbutiken.se\/index.php?rest_route=%2Fwp%2Fv2%2Fproduct_brand&post=228"},{"taxonomy":"product_cat","embeddable":true,"href":"https:\/\/lumon.nypabbutiken.se\/index.php?rest_route=%2Fwp%2Fv2%2Fproduct_cat&post=228"},{"taxonomy":"product_tag","embeddable":true,"href":"https:\/\/lumon.nypabbutiken.se\/index.php?rest_route=%2Fwp%2Fv2%2Fproduct_tag&post=228"}],"curies":[{"name":"wp","href":"https:\/\/api.w.org\/{rel}","templated":true}]}}