{"id":227,"date":"2016-05-12T11:22:15","date_gmt":"2016-05-12T11:22:15","guid":{"rendered":"http:\/\/lumon.nypabbutiken.se\/?product=pique-shirt"},"modified":"2018-06-18T08:38:54","modified_gmt":"2018-06-18T08:38:54","slug":"pique-shirt","status":"publish","type":"product","link":"https:\/\/lumon.nypabbutiken.se\/?product=pique-shirt","title":{"rendered":"Gamla Pique shirt"},"content":{"rendered":"<p>En h\u00e4rlig modern pik\u00e9 i kraftig bomull som har det d\u00e4r lilla extra, med snygga detaljer och en h\u00e4rlig passform. Det perfekta profilplagget som passar i m\u00e5nga olika sammanhang.<\/p>\n","protected":false},"excerpt":{"rendered":"<p>En h\u00e4rlig modern pik\u00e9 i kraftig bomull som har det d\u00e4r lilla extra, med snygga detaljer och en h\u00e4rlig passform. Det perfekta profilplagget som passar i m\u00e5nga olika sammanhang.<\/p>\n","protected":false},"featured_media":383,"template":"","meta":[],"product_brand":[],"product_cat":[21,7],"product_tag":[],"class_list":{"0":"post-227","1":"product","2":"type-product","3":"status-publish","4":"has-post-thumbnail","6":"product_cat-mattekniker","7":"product_cat-saljare","9":"first","10":"instock","11":"shipping-taxable","12":"purchasable","13":"product-type-variable"},"_links":{"self":[{"href":"https:\/\/lumon.nypabbutiken.se\/index.php?rest_route=\/wp\/v2\/product\/227","targetHints":{"allow":["GET"]}}],"collection":[{"href":"https:\/\/lumon.nypabbutiken.se\/index.php?rest_route=\/wp\/v2\/product"}],"about":[{"href":"https:\/\/lumon.nypabbutiken.se\/index.php?rest_route=\/wp\/v2\/types\/product"}],"wp:featuredmedia":[{"embeddable":true,"href":"https:\/\/lumon.nypabbutiken.se\/index.php?rest_route=\/wp\/v2\/media\/383"}],"wp:attachment":[{"href":"https:\/\/lumon.nypabbutiken.se\/index.php?rest_route=%2Fwp%2Fv2%2Fmedia&parent=227"}],"wp:term":[{"taxonomy":"product_brand","embeddable":true,"href":"https:\/\/lumon.nypabbutiken.se\/index.php?rest_route=%2Fwp%2Fv2%2Fproduct_brand&post=227"},{"taxonomy":"product_cat","embeddable":true,"href":"https:\/\/lumon.nypabbutiken.se\/index.php?rest_route=%2Fwp%2Fv2%2Fproduct_cat&post=227"},{"taxonomy":"product_tag","embeddable":true,"href":"https:\/\/lumon.nypabbutiken.se\/index.php?rest_route=%2Fwp%2Fv2%2Fproduct_tag&post=227"}],"curies":[{"name":"wp","href":"https:\/\/api.w.org\/{rel}","templated":true}]}}