{"id":13,"date":"2016-05-11T08:03:28","date_gmt":"2016-05-11T08:03:28","guid":{"rendered":"http:\/\/lumon.nypabbutiken.se\/?post_type=product&#038;p=13"},"modified":"2016-08-15T08:11:04","modified_gmt":"2016-08-15T08:11:04","slug":"midjebyxa-hantverk-x1500","status":"publish","type":"product","link":"https:\/\/lumon.nypabbutiken.se\/?product=midjebyxa-hantverk-x1500","title":{"rendered":"Midjebyxa Hantverk X1500"},"content":{"rendered":"<h2>Funktionalitet<\/h2>\n<h3>Tyg<\/h3>\n<p>78% polyester, 22% bomull, dobby, 330 gr\/m\u00b2<\/p>\n<h3>Tv\u00e4tt<\/h3>\n<p>Plaggtv\u00e4ttad<\/p>\n<h3>Funktionalitet<\/h3>\n<p>F\u00f6rb\u00f6jda ben<\/p>\n<h3>F\u00f6rst\u00e4rkning<\/h3>\n<p>CORDURA\u00ae-f\u00f6rst\u00e4rkta spikfickor, bakfickor, tumstocksficka, benfickor, kn\u00e4n och nederkant<\/p>\n<h3>Detaljer<\/h3>\n<p>H\u00e4llor, varav en med D-ring<br \/>\nF\u00f6rst\u00e4rkt grens\u00f6m, Innerbenss\u00f6m med 2-n\u00e5lsstickning<br \/>\nID-kortsficka inf\u00e4llbar<\/p>\n<h3>Fickor<\/h3>\n<p>Bakfickor med b\u00e4lg<br \/>\nBenficka med dubbla fack f\u00f6rsedd med pennficka och telefonficka i vattenavvisande material, L\u00e5rficka med blixtl\u00e5s<br \/>\nSnedst\u00e4llda framfickor<br \/>\nKn\u00e4skyddsfickor med m\u00f6jlighet till tv\u00e5 placeringsniv\u00e5er<br \/>\nSpikfickor &#8211; med verktygshankar, kan stoppas innanf\u00f6r byxan<br \/>\nTumstocksficka-Extra bred med pennficka och knivh\u00e5llare<\/p>\n<h3>Avslut<\/h3>\n<p>Justerbara benavslut med dragsko<\/p>\n","protected":false},"excerpt":{"rendered":"<p>Smart designad hantverksbyxa med flera praktiska fickl\u00f6sningar och verktygsh\u00e5llare som \u00e4r CORDURA\u00ae-f\u00f6rst\u00e4rkta. \u00c4ven kn\u00e4skyddsfickorna \u00e4r f\u00f6rst\u00e4rkta med detta material som \u00e4r n\u00e4stintill om\u00f6jligt att slita ut. Byxan \u00e4r utvecklad och konstruerad till att g\u00f6ra dig effektivare i ditt arbete.<\/p>\n<p>Kn\u00e4f\u00f6rst\u00e4rkning ing\u00e5r<\/p>\n","protected":false},"featured_media":365,"template":"","meta":[],"product_brand":[],"product_cat":[8],"product_tag":[],"class_list":{"0":"post-13","1":"product","2":"type-product","3":"status-publish","4":"has-post-thumbnail","6":"product_cat-byxor","8":"first","9":"instock","10":"shipping-taxable","11":"purchasable","12":"product-type-variable"},"_links":{"self":[{"href":"https:\/\/lumon.nypabbutiken.se\/index.php?rest_route=\/wp\/v2\/product\/13","targetHints":{"allow":["GET"]}}],"collection":[{"href":"https:\/\/lumon.nypabbutiken.se\/index.php?rest_route=\/wp\/v2\/product"}],"about":[{"href":"https:\/\/lumon.nypabbutiken.se\/index.php?rest_route=\/wp\/v2\/types\/product"}],"wp:featuredmedia":[{"embeddable":true,"href":"https:\/\/lumon.nypabbutiken.se\/index.php?rest_route=\/wp\/v2\/media\/365"}],"wp:attachment":[{"href":"https:\/\/lumon.nypabbutiken.se\/index.php?rest_route=%2Fwp%2Fv2%2Fmedia&parent=13"}],"wp:term":[{"taxonomy":"product_brand","embeddable":true,"href":"https:\/\/lumon.nypabbutiken.se\/index.php?rest_route=%2Fwp%2Fv2%2Fproduct_brand&post=13"},{"taxonomy":"product_cat","embeddable":true,"href":"https:\/\/lumon.nypabbutiken.se\/index.php?rest_route=%2Fwp%2Fv2%2Fproduct_cat&post=13"},{"taxonomy":"product_tag","embeddable":true,"href":"https:\/\/lumon.nypabbutiken.se\/index.php?rest_route=%2Fwp%2Fv2%2Fproduct_tag&post=13"}],"curies":[{"name":"wp","href":"https:\/\/api.w.org\/{rel}","templated":true}]}}